{"id":5386,"date":"2024-05-17T18:08:18","date_gmt":"2024-05-17T16:08:18","guid":{"rendered":"https:\/\/www.a-oaoa.com\/test\/"},"modified":"2024-05-17T18:08:18","modified_gmt":"2024-05-17T16:08:18","slug":"test","status":"publish","type":"page","link":"https:\/\/www.a-oaoa.com\/en\/test\/","title":{"rendered":"test"},"content":{"rendered":"\t\t<div data-elementor-type=\"wp-page\" data-elementor-id=\"5386\" class=\"elementor elementor-5386\" data-elementor-post-type=\"page\">\n\t\t\t\t<div class=\"elementor-element elementor-element-6c4ffabb e-flex e-con-boxed e-con e-parent\" data-id=\"6c4ffabb\" data-element_type=\"container\">\n\t\t\t\t\t<div class=\"e-con-inner\">\n\t\t<div class=\"elementor-element elementor-element-5f8bd1b2 e-con-full e-flex e-con e-child\" data-id=\"5f8bd1b2\" data-element_type=\"container\">\n\t\t\t\t<div class=\"elementor-element elementor-element-71ed9e5 elementor-flip-box--effect-fade elementor-widget elementor-widget-flip-box\" data-id=\"71ed9e5\" data-element_type=\"widget\" data-widget_type=\"flip-box.default\">\n\t\t\t\t<div class=\"elementor-widget-container\">\n\t\t\t\t\t\t\t<div class=\"elementor-flip-box\" tabindex=\"0\">\n\t\t\t<div class=\"elementor-flip-box__layer elementor-flip-box__front\">\n\t\t\t\t<div class=\"elementor-flip-box__layer__overlay\">\n\t\t\t\t\t<div class=\"elementor-flip-box__layer__inner\">\n\t\t\t\t\t\t\n\t\t\t\t\t\t\n\t\t\t\t\t\t\t\t\t\t\t<\/div>\n\t\t\t\t<\/div>\n\t\t\t<\/div>\n\t\t\t<div class=\"elementor-flip-box__layer elementor-flip-box__back\">\n\t\t\t<div class=\"elementor-flip-box__layer__overlay\">\n\t\t\t\t<div class=\"elementor-flip-box__layer__inner\">\n\t\t\t\t\t\n\t\t\t\t\t\n\t\t\t\t\t\t\t\t<\/div>\n\t\t<\/div>\n\t\t<\/div>\n\t\t<\/div>\n\t\t\t\t\t\t<\/div>\n\t\t\t\t<\/div>\n\t\t\t\t<\/div>\n\t\t\t\t\t<\/div>\n\t\t\t\t<\/div>\n\t\t<div class=\"elementor-element elementor-element-26982137 e-flex e-con-boxed e-con e-parent\" data-id=\"26982137\" data-element_type=\"container\">\n\t\t\t\t\t<div class=\"e-con-inner\">\n\t\t<div class=\"elementor-element elementor-element-7f28d4e3 e-con-full e-flex e-con e-child\" data-id=\"7f28d4e3\" data-element_type=\"container\">\n\t\t\t\t<div class=\"elementor-element elementor-element-4b34734c elementor-widget elementor-widget-heading\" data-id=\"4b34734c\" data-element_type=\"widget\" data-widget_type=\"heading.default\">\n\t\t\t\t<div class=\"elementor-widget-container\">\n\t\t\t\t\t<h1 class=\"elementor-heading-title elementor-size-default\">Printemps \u00e9t\u00e9 2024<\/h1>\t\t\t\t<\/div>\n\t\t\t\t<\/div>\n\t\t\t\t<div class=\"elementor-element elementor-element-da962 elementor-widget elementor-widget-text-editor\" data-id=\"da962\" data-element_type=\"widget\" data-widget_type=\"text-editor.default\">\n\t\t\t\t<div class=\"elementor-widget-container\">\n\t\t\t\t\t\t\t\t\t<p>&#8216;A &#8216;OA&#8217;OA incarne l&#8217;alliance entre<strong> l&#8217;artisanat fran\u00e7ais et la culture polyn\u00e9sienne<\/strong>.<\/p><p>Engag\u00e9e dans une mode \u00e9thique, notre marque vous propose une collection de v\u00eatements et accessoires pour enfants <strong>made in France<\/strong>, mettant ainsi en avant le savoir-faire et la qualit\u00e9 <strong>des artisans locaux<\/strong>.<\/p><p>La collection printemps\/\u00e9t\u00e9 est super XXXXXXXXXXXX<\/p>\t\t\t\t\t\t\t\t<\/div>\n\t\t\t\t<\/div>\n\t\t\t\t<\/div>\n\t\t<div class=\"elementor-element elementor-element-2d431025 e-con-full e-flex e-con e-child\" data-id=\"2d431025\" data-element_type=\"container\">\n\t\t\t\t<div class=\"elementor-element elementor-element-4ca10aab elementor-flip-box--effect-fade elementor-widget elementor-widget-flip-box\" data-id=\"4ca10aab\" data-element_type=\"widget\" data-widget_type=\"flip-box.default\">\n\t\t\t\t<div class=\"elementor-widget-container\">\n\t\t\t\t\t\t\t<div class=\"elementor-flip-box\" tabindex=\"0\">\n\t\t\t<div class=\"elementor-flip-box__layer elementor-flip-box__front\">\n\t\t\t\t<div class=\"elementor-flip-box__layer__overlay\">\n\t\t\t\t\t<div class=\"elementor-flip-box__layer__inner\">\n\t\t\t\t\t\t\n\t\t\t\t\t\t\n\t\t\t\t\t\t\t\t\t\t\t<\/div>\n\t\t\t\t<\/div>\n\t\t\t<\/div>\n\t\t\t<div class=\"elementor-flip-box__layer elementor-flip-box__back\">\n\t\t\t<div class=\"elementor-flip-box__layer__overlay\">\n\t\t\t\t<div class=\"elementor-flip-box__layer__inner\">\n\t\t\t\t\t\n\t\t\t\t\t\n\t\t\t\t\t\t\t\t<\/div>\n\t\t<\/div>\n\t\t<\/div>\n\t\t<\/div>\n\t\t\t\t\t\t<\/div>\n\t\t\t\t<\/div>\n\t\t\t\t<\/div>\n\t\t\t\t\t<\/div>\n\t\t\t\t<\/div>\n\t\t<div class=\"elementor-element elementor-element-4e7fda93 e-flex e-con-boxed e-con e-parent\" data-id=\"4e7fda93\" data-element_type=\"container\">\n\t\t\t\t\t<div class=\"e-con-inner\">\n\t\t<div class=\"elementor-element elementor-element-48cc425f e-con-full e-flex e-con e-child\" data-id=\"48cc425f\" data-element_type=\"container\">\n\t\t\t\t<div class=\"elementor-element elementor-element-7e9ad4e3 elementor-flip-box--effect-fade elementor-widget elementor-widget-flip-box\" data-id=\"7e9ad4e3\" data-element_type=\"widget\" data-widget_type=\"flip-box.default\">\n\t\t\t\t<div class=\"elementor-widget-container\">\n\t\t\t\t\t\t\t<div class=\"elementor-flip-box\" tabindex=\"0\">\n\t\t\t<div class=\"elementor-flip-box__layer elementor-flip-box__front\">\n\t\t\t\t<div class=\"elementor-flip-box__layer__overlay\">\n\t\t\t\t\t<div class=\"elementor-flip-box__layer__inner\">\n\t\t\t\t\t\t\n\t\t\t\t\t\t\n\t\t\t\t\t\t\t\t\t\t\t<\/div>\n\t\t\t\t<\/div>\n\t\t\t<\/div>\n\t\t\t<div class=\"elementor-flip-box__layer elementor-flip-box__back\">\n\t\t\t<div class=\"elementor-flip-box__layer__overlay\">\n\t\t\t\t<div class=\"elementor-flip-box__layer__inner\">\n\t\t\t\t\t\n\t\t\t\t\t\n\t\t\t\t\t\t\t\t<\/div>\n\t\t<\/div>\n\t\t<\/div>\n\t\t<\/div>\n\t\t\t\t\t\t<\/div>\n\t\t\t\t<\/div>\n\t\t\t\t<\/div>\n\t\t<div class=\"elementor-element elementor-element-67a1da33 e-con-full e-flex e-con e-child\" data-id=\"67a1da33\" data-element_type=\"container\">\n\t\t\t\t<div class=\"elementor-element elementor-element-7ca85452 elementor-flip-box--effect-fade elementor-widget elementor-widget-flip-box\" data-id=\"7ca85452\" data-element_type=\"widget\" data-widget_type=\"flip-box.default\">\n\t\t\t\t<div class=\"elementor-widget-container\">\n\t\t\t\t\t\t\t<div class=\"elementor-flip-box\" tabindex=\"0\">\n\t\t\t<div class=\"elementor-flip-box__layer elementor-flip-box__front\">\n\t\t\t\t<div class=\"elementor-flip-box__layer__overlay\">\n\t\t\t\t\t<div class=\"elementor-flip-box__layer__inner\">\n\t\t\t\t\t\t\n\t\t\t\t\t\t\n\t\t\t\t\t\t\t\t\t\t\t<\/div>\n\t\t\t\t<\/div>\n\t\t\t<\/div>\n\t\t\t<div class=\"elementor-flip-box__layer elementor-flip-box__back\">\n\t\t\t<div class=\"elementor-flip-box__layer__overlay\">\n\t\t\t\t<div class=\"elementor-flip-box__layer__inner\">\n\t\t\t\t\t\n\t\t\t\t\t\n\t\t\t\t\t\t\t\t<\/div>\n\t\t<\/div>\n\t\t<\/div>\n\t\t<\/div>\n\t\t\t\t\t\t<\/div>\n\t\t\t\t<\/div>\n\t\t\t\t<\/div>\n\t\t\t\t\t<\/div>\n\t\t\t\t<\/div>\n\t\t<div class=\"elementor-element elementor-element-54ad2575 e-flex e-con-boxed e-con e-parent\" data-id=\"54ad2575\" data-element_type=\"container\">\n\t\t\t\t\t<div class=\"e-con-inner\">\n\t\t<div class=\"elementor-element elementor-element-3f9b239e e-con-full e-flex e-con e-child\" data-id=\"3f9b239e\" data-element_type=\"container\">\n\t\t\t\t<div class=\"elementor-element elementor-element-597d92aa elementor-flip-box--effect-fade elementor-widget elementor-widget-flip-box\" data-id=\"597d92aa\" data-element_type=\"widget\" data-widget_type=\"flip-box.default\">\n\t\t\t\t<div class=\"elementor-widget-container\">\n\t\t\t\t\t\t\t<div class=\"elementor-flip-box\" tabindex=\"0\">\n\t\t\t<div class=\"elementor-flip-box__layer elementor-flip-box__front\">\n\t\t\t\t<div class=\"elementor-flip-box__layer__overlay\">\n\t\t\t\t\t<div class=\"elementor-flip-box__layer__inner\">\n\t\t\t\t\t\t\n\t\t\t\t\t\t\n\t\t\t\t\t\t\t\t\t\t\t<\/div>\n\t\t\t\t<\/div>\n\t\t\t<\/div>\n\t\t\t<div class=\"elementor-flip-box__layer elementor-flip-box__back\">\n\t\t\t<div class=\"elementor-flip-box__layer__overlay\">\n\t\t\t\t<div class=\"elementor-flip-box__layer__inner\">\n\t\t\t\t\t\n\t\t\t\t\t\n\t\t\t\t\t\t\t\t<\/div>\n\t\t<\/div>\n\t\t<\/div>\n\t\t<\/div>\n\t\t\t\t\t\t<\/div>\n\t\t\t\t<\/div>\n\t\t\t\t<\/div>\n\t\t<div class=\"elementor-element elementor-element-3813779 e-con-full e-flex e-con e-child\" data-id=\"3813779\" data-element_type=\"container\">\n\t\t\t\t<div class=\"elementor-element elementor-element-7d2c103d elementor-flip-box--effect-fade elementor-widget elementor-widget-flip-box\" data-id=\"7d2c103d\" data-element_type=\"widget\" data-widget_type=\"flip-box.default\">\n\t\t\t\t<div class=\"elementor-widget-container\">\n\t\t\t\t\t\t\t<div class=\"elementor-flip-box\" tabindex=\"0\">\n\t\t\t<div class=\"elementor-flip-box__layer elementor-flip-box__front\">\n\t\t\t\t<div class=\"elementor-flip-box__layer__overlay\">\n\t\t\t\t\t<div class=\"elementor-flip-box__layer__inner\">\n\t\t\t\t\t\t\n\t\t\t\t\t\t\n\t\t\t\t\t\t\t\t\t\t\t<\/div>\n\t\t\t\t<\/div>\n\t\t\t<\/div>\n\t\t\t<div class=\"elementor-flip-box__layer elementor-flip-box__back\">\n\t\t\t<div class=\"elementor-flip-box__layer__overlay\">\n\t\t\t\t<div class=\"elementor-flip-box__layer__inner\">\n\t\t\t\t\t\n\t\t\t\t\t\n\t\t\t\t\t\t\t\t<\/div>\n\t\t<\/div>\n\t\t<\/div>\n\t\t<\/div>\n\t\t\t\t\t\t<\/div>\n\t\t\t\t<\/div>\n\t\t\t\t<\/div>\n\t\t\t\t\t<\/div>\n\t\t\t\t<\/div>\n\t\t<div class=\"elementor-element elementor-element-334d8071 e-flex e-con-boxed e-con e-parent\" data-id=\"334d8071\" data-element_type=\"container\">\n\t\t\t\t\t<div class=\"e-con-inner\">\n\t\t<div class=\"elementor-element elementor-element-6470bdf4 e-con-full e-flex e-con e-child\" data-id=\"6470bdf4\" data-element_type=\"container\">\n\t\t\t\t<div class=\"elementor-element elementor-element-7cc4912b elementor-widget elementor-widget-heading\" data-id=\"7cc4912b\" data-element_type=\"widget\" data-widget_type=\"heading.default\">\n\t\t\t\t<div class=\"elementor-widget-container\">\n\t\t\t\t\t<h1 class=\"elementor-heading-title elementor-size-default\">Printemps \u00e9t\u00e9 2024<\/h1>\t\t\t\t<\/div>\n\t\t\t\t<\/div>\n\t\t\t\t<div class=\"elementor-element elementor-element-1ae56b70 elementor-widget elementor-widget-text-editor\" data-id=\"1ae56b70\" data-element_type=\"widget\" data-widget_type=\"text-editor.default\">\n\t\t\t\t<div class=\"elementor-widget-container\">\n\t\t\t\t\t\t\t\t\t<p>&#8216;A &#8216;OA&#8217;OA incarne l&#8217;alliance entre<strong> l&#8217;artisanat fran\u00e7ais et la culture polyn\u00e9sienne<\/strong>.<\/p><p>Engag\u00e9e dans une mode \u00e9thique, notre marque vous propose une collection de v\u00eatements et accessoires pour enfants <strong>made in France<\/strong>, mettant ainsi en avant le savoir-faire et la qualit\u00e9 <strong>des artisans locaux<\/strong>.<\/p><p>La collection printemps\/\u00e9t\u00e9 est super XXXXXXXXXXXX<\/p>\t\t\t\t\t\t\t\t<\/div>\n\t\t\t\t<\/div>\n\t\t\t\t<\/div>\n\t\t<div class=\"elementor-element elementor-element-33df9e86 e-con-full e-flex e-con e-child\" data-id=\"33df9e86\" data-element_type=\"container\">\n\t\t\t\t<div class=\"elementor-element elementor-element-622cca59 elementor-flip-box--effect-fade elementor-widget elementor-widget-flip-box\" data-id=\"622cca59\" data-element_type=\"widget\" data-widget_type=\"flip-box.default\">\n\t\t\t\t<div class=\"elementor-widget-container\">\n\t\t\t\t\t\t\t<div class=\"elementor-flip-box\" tabindex=\"0\">\n\t\t\t<div class=\"elementor-flip-box__layer elementor-flip-box__front\">\n\t\t\t\t<div class=\"elementor-flip-box__layer__overlay\">\n\t\t\t\t\t<div class=\"elementor-flip-box__layer__inner\">\n\t\t\t\t\t\t\n\t\t\t\t\t\t\n\t\t\t\t\t\t\t\t\t\t\t<\/div>\n\t\t\t\t<\/div>\n\t\t\t<\/div>\n\t\t\t<div class=\"elementor-flip-box__layer elementor-flip-box__back\">\n\t\t\t<div class=\"elementor-flip-box__layer__overlay\">\n\t\t\t\t<div class=\"elementor-flip-box__layer__inner\">\n\t\t\t\t\t\n\t\t\t\t\t\n\t\t\t\t\t\t\t\t<\/div>\n\t\t<\/div>\n\t\t<\/div>\n\t\t<\/div>\n\t\t\t\t\t\t<\/div>\n\t\t\t\t<\/div>\n\t\t\t\t<\/div>\n\t\t\t\t\t<\/div>\n\t\t\t\t<\/div>\n\t\t\t\t<\/div>\n\t\t","protected":false},"excerpt":{"rendered":"<p>Printemps \u00e9t\u00e9 2024 &#8216;A &#8216;OA&#8217;OA incarne l&#8217;alliance entre l&#8217;artisanat fran\u00e7ais et la culture polyn\u00e9sienne. Engag\u00e9e dans une mode \u00e9thique, notre marque vous propose une collection de v\u00eatements et accessoires pour enfants made in France, mettant ainsi en avant le savoir-faire et la qualit\u00e9 des artisans locaux. La collection printemps\/\u00e9t\u00e9 est super XXXXXXXXXXXX Printemps \u00e9t\u00e9 2024 [&hellip;]<\/p>\n","protected":false},"author":1,"featured_media":0,"parent":0,"menu_order":0,"comment_status":"closed","ping_status":"closed","template":"","meta":{"_acf_changed":false,"footnotes":""},"class_list":["post-5386","page","type-page","status-publish","hentry"],"acf":[],"yoast_head":"<!-- This site is optimized with the Yoast SEO plugin v27.2 - https:\/\/yoast.com\/product\/yoast-seo-wordpress\/ -->\n<title>test - &#039;A&#039;OA&#039;OA<\/title>\n<meta name=\"robots\" content=\"index, follow, max-snippet:-1, max-image-preview:large, max-video-preview:-1\" \/>\n<link rel=\"canonical\" href=\"https:\/\/www.a-oaoa.com\/en\/test\/\" \/>\n<meta property=\"og:locale\" content=\"en_US\" \/>\n<meta property=\"og:type\" content=\"article\" \/>\n<meta property=\"og:title\" content=\"test - &#039;A&#039;OA&#039;OA\" \/>\n<meta property=\"og:description\" content=\"Printemps \u00e9t\u00e9 2024 &#8216;A &#8216;OA&#8217;OA incarne l&#8217;alliance entre l&#8217;artisanat fran\u00e7ais et la culture polyn\u00e9sienne. Engag\u00e9e dans une mode \u00e9thique, notre marque vous propose une collection de v\u00eatements et accessoires pour enfants made in France, mettant ainsi en avant le savoir-faire et la qualit\u00e9 des artisans locaux. La collection printemps\/\u00e9t\u00e9 est super XXXXXXXXXXXX Printemps \u00e9t\u00e9 2024 [&hellip;]\" \/>\n<meta property=\"og:url\" content=\"https:\/\/www.a-oaoa.com\/en\/test\/\" \/>\n<meta property=\"og:site_name\" content=\"&#039;A&#039;OA&#039;OA\" \/>\n<meta property=\"article:publisher\" content=\"https:\/\/www.facebook.com\/maisonaoaoa\/\" \/>\n<meta property=\"og:image\" content=\"https:\/\/www.a-oaoa.com\/wp-content\/uploads\/2024\/02\/aoaoa-logo-2-coul-h.png\" \/>\n\t<meta property=\"og:image:width\" content=\"1062\" \/>\n\t<meta property=\"og:image:height\" content=\"413\" \/>\n\t<meta property=\"og:image:type\" content=\"image\/png\" \/>\n<meta name=\"twitter:card\" content=\"summary_large_image\" \/>\n<meta name=\"twitter:label1\" content=\"Est. reading time\" \/>\n\t<meta name=\"twitter:data1\" content=\"1 minute\" \/>\n<script type=\"application\/ld+json\" class=\"yoast-schema-graph\">{\"@context\":\"https:\/\/schema.org\",\"@graph\":[{\"@type\":\"WebPage\",\"@id\":\"https:\/\/www.a-oaoa.com\/en\/test\/\",\"url\":\"https:\/\/www.a-oaoa.com\/en\/test\/\",\"name\":\"test - &#039;A&#039;OA&#039;OA\",\"isPartOf\":{\"@id\":\"https:\/\/www.a-oaoa.com\/en\/#website\"},\"datePublished\":\"2024-05-17T16:08:18+00:00\",\"breadcrumb\":{\"@id\":\"https:\/\/www.a-oaoa.com\/en\/test\/#breadcrumb\"},\"inLanguage\":\"en-US\",\"potentialAction\":[{\"@type\":\"ReadAction\",\"target\":[\"https:\/\/www.a-oaoa.com\/en\/test\/\"]}]},{\"@type\":\"BreadcrumbList\",\"@id\":\"https:\/\/www.a-oaoa.com\/en\/test\/#breadcrumb\",\"itemListElement\":[{\"@type\":\"ListItem\",\"position\":1,\"name\":\"Accueil\",\"item\":\"https:\/\/www.a-oaoa.com\/en\/\"},{\"@type\":\"ListItem\",\"position\":2,\"name\":\"test\"}]},{\"@type\":\"WebSite\",\"@id\":\"https:\/\/www.a-oaoa.com\/en\/#website\",\"url\":\"https:\/\/www.a-oaoa.com\/en\/\",\"name\":\"'A'OA'OA\",\"description\":\"\",\"publisher\":{\"@id\":\"https:\/\/www.a-oaoa.com\/en\/#organization\"},\"potentialAction\":[{\"@type\":\"SearchAction\",\"target\":{\"@type\":\"EntryPoint\",\"urlTemplate\":\"https:\/\/www.a-oaoa.com\/en\/?s={search_term_string}\"},\"query-input\":{\"@type\":\"PropertyValueSpecification\",\"valueRequired\":true,\"valueName\":\"search_term_string\"}}],\"inLanguage\":\"en-US\"},{\"@type\":\"Organization\",\"@id\":\"https:\/\/www.a-oaoa.com\/en\/#organization\",\"name\":\"'A'OA'OA\",\"url\":\"https:\/\/www.a-oaoa.com\/en\/\",\"logo\":{\"@type\":\"ImageObject\",\"inLanguage\":\"en-US\",\"@id\":\"https:\/\/www.a-oaoa.com\/en\/#\/schema\/logo\/image\/\",\"url\":\"https:\/\/www.a-oaoa.com\/wp-content\/uploads\/2024\/02\/logo-aoaoa_plan-de-travail-1.svg\",\"contentUrl\":\"https:\/\/www.a-oaoa.com\/wp-content\/uploads\/2024\/02\/logo-aoaoa_plan-de-travail-1.svg\",\"caption\":\"'A'OA'OA\"},\"image\":{\"@id\":\"https:\/\/www.a-oaoa.com\/en\/#\/schema\/logo\/image\/\"},\"sameAs\":[\"https:\/\/www.facebook.com\/maisonaoaoa\/\",\"https:\/\/www.instagram.com\/maisonaoaoa\/\",\"https:\/\/www.linkedin.com\/company\/aoaoa\/\"]}]}<\/script>\n<!-- \/ Yoast SEO plugin. -->","yoast_head_json":{"title":"test - &#039;A&#039;OA&#039;OA","robots":{"index":"index","follow":"follow","max-snippet":"max-snippet:-1","max-image-preview":"max-image-preview:large","max-video-preview":"max-video-preview:-1"},"canonical":"https:\/\/www.a-oaoa.com\/en\/test\/","og_locale":"en_US","og_type":"article","og_title":"test - &#039;A&#039;OA&#039;OA","og_description":"Printemps \u00e9t\u00e9 2024 &#8216;A &#8216;OA&#8217;OA incarne l&#8217;alliance entre l&#8217;artisanat fran\u00e7ais et la culture polyn\u00e9sienne. Engag\u00e9e dans une mode \u00e9thique, notre marque vous propose une collection de v\u00eatements et accessoires pour enfants made in France, mettant ainsi en avant le savoir-faire et la qualit\u00e9 des artisans locaux. La collection printemps\/\u00e9t\u00e9 est super XXXXXXXXXXXX Printemps \u00e9t\u00e9 2024 [&hellip;]","og_url":"https:\/\/www.a-oaoa.com\/en\/test\/","og_site_name":"&#039;A&#039;OA&#039;OA","article_publisher":"https:\/\/www.facebook.com\/maisonaoaoa\/","og_image":[{"width":1062,"height":413,"url":"https:\/\/www.a-oaoa.com\/wp-content\/uploads\/2024\/02\/aoaoa-logo-2-coul-h.png","type":"image\/png"}],"twitter_card":"summary_large_image","twitter_misc":{"Est. reading time":"1 minute"},"schema":{"@context":"https:\/\/schema.org","@graph":[{"@type":"WebPage","@id":"https:\/\/www.a-oaoa.com\/en\/test\/","url":"https:\/\/www.a-oaoa.com\/en\/test\/","name":"test - &#039;A&#039;OA&#039;OA","isPartOf":{"@id":"https:\/\/www.a-oaoa.com\/en\/#website"},"datePublished":"2024-05-17T16:08:18+00:00","breadcrumb":{"@id":"https:\/\/www.a-oaoa.com\/en\/test\/#breadcrumb"},"inLanguage":"en-US","potentialAction":[{"@type":"ReadAction","target":["https:\/\/www.a-oaoa.com\/en\/test\/"]}]},{"@type":"BreadcrumbList","@id":"https:\/\/www.a-oaoa.com\/en\/test\/#breadcrumb","itemListElement":[{"@type":"ListItem","position":1,"name":"Accueil","item":"https:\/\/www.a-oaoa.com\/en\/"},{"@type":"ListItem","position":2,"name":"test"}]},{"@type":"WebSite","@id":"https:\/\/www.a-oaoa.com\/en\/#website","url":"https:\/\/www.a-oaoa.com\/en\/","name":"'A'OA'OA","description":"","publisher":{"@id":"https:\/\/www.a-oaoa.com\/en\/#organization"},"potentialAction":[{"@type":"SearchAction","target":{"@type":"EntryPoint","urlTemplate":"https:\/\/www.a-oaoa.com\/en\/?s={search_term_string}"},"query-input":{"@type":"PropertyValueSpecification","valueRequired":true,"valueName":"search_term_string"}}],"inLanguage":"en-US"},{"@type":"Organization","@id":"https:\/\/www.a-oaoa.com\/en\/#organization","name":"'A'OA'OA","url":"https:\/\/www.a-oaoa.com\/en\/","logo":{"@type":"ImageObject","inLanguage":"en-US","@id":"https:\/\/www.a-oaoa.com\/en\/#\/schema\/logo\/image\/","url":"https:\/\/www.a-oaoa.com\/wp-content\/uploads\/2024\/02\/logo-aoaoa_plan-de-travail-1.svg","contentUrl":"https:\/\/www.a-oaoa.com\/wp-content\/uploads\/2024\/02\/logo-aoaoa_plan-de-travail-1.svg","caption":"'A'OA'OA"},"image":{"@id":"https:\/\/www.a-oaoa.com\/en\/#\/schema\/logo\/image\/"},"sameAs":["https:\/\/www.facebook.com\/maisonaoaoa\/","https:\/\/www.instagram.com\/maisonaoaoa\/","https:\/\/www.linkedin.com\/company\/aoaoa\/"]}]}},"_links":{"self":[{"href":"https:\/\/www.a-oaoa.com\/en\/wp-json\/wp\/v2\/pages\/5386","targetHints":{"allow":["GET"]}}],"collection":[{"href":"https:\/\/www.a-oaoa.com\/en\/wp-json\/wp\/v2\/pages"}],"about":[{"href":"https:\/\/www.a-oaoa.com\/en\/wp-json\/wp\/v2\/types\/page"}],"author":[{"embeddable":true,"href":"https:\/\/www.a-oaoa.com\/en\/wp-json\/wp\/v2\/users\/1"}],"replies":[{"embeddable":true,"href":"https:\/\/www.a-oaoa.com\/en\/wp-json\/wp\/v2\/comments?post=5386"}],"version-history":[{"count":0,"href":"https:\/\/www.a-oaoa.com\/en\/wp-json\/wp\/v2\/pages\/5386\/revisions"}],"wp:attachment":[{"href":"https:\/\/www.a-oaoa.com\/en\/wp-json\/wp\/v2\/media?parent=5386"}],"curies":[{"name":"wp","href":"https:\/\/api.w.org\/{rel}","templated":true}]}}